{"id":765,"date":"2024-09-06T14:43:02","date_gmt":"2024-09-06T17:43:02","guid":{"rendered":"https:\/\/wsa.al.senai.br\/?page_id=765"},"modified":"2025-03-13T14:17:53","modified_gmt":"2025-03-13T17:17:53","slug":"diretoria-2023-2025","status":"publish","type":"page","link":"https:\/\/wsa.al.senai.br\/es\/diretoria-2023-2025\/","title":{"rendered":"Junta Directiva 2024 \u2013 2025"},"content":{"rendered":"<p><img loading=\"lazy\" decoding=\"async\" class=\"alignnone size-medium wp-image-247\" src=\"http:\/\/wsa.al.senai.br\/wp-content\/uploads\/2020\/11\/arsenio_cl-225x300.jpg\" sizes=\"(max-width: 225px) 100vw, 225px\" srcset=\"https:\/\/wsa.al.senai.br\/wp-content\/uploads\/2020\/11\/arsenio_cl-225x300.jpg 225w, https:\/\/wsa.al.senai.br\/wp-content\/uploads\/2020\/11\/arsenio_cl.jpg 354w\" alt=\"Arsenio Fern\u00e1ndez Calatayud\" width=\"225\" height=\"300\" \/><\/p>\r\n<p><strong>Presidente<\/strong><br \/>Arsenio Fern\u00e1ndez Calatayud \u2013 Chile<\/p>\r\n<p>Ha desarrollado diversas actividades laborales relacionadas con la Formaci\u00f3n T\u00e9cnica desde el a\u00f1o 1985, desempe\u00f1\u00e1ndose hasta 1997 como Director de sucesivos establecimientos de Educaci\u00f3n Media T\u00e9cnica de la especialidad Agropecuaria, en el Liceo Agr\u00edcola La Patagonia de Coyhaique, la Escuela Agr\u00edcola Superior de Molina y el Instituto Agr\u00edcola Pascual Baburizza.<\/p>\r\n<p>Desde el a\u00f1o 1998 y hasta el 2006 asume la funci\u00f3n de Gerente de Administraci\u00f3n y Finanzas de la Corporaci\u00f3n Educacional de la Sociedad Nacional de Agricultura, tomando la responsabilidad de Gerente General de la misma desde el a\u00f1o 2007.<\/p>\r\n<p>Se titul\u00f3 de Ingeniero Agr\u00f3nomo en la Pontificia Universidad Cat\u00f3lica de Chile en el a\u00f1o 1979, y ha realizado diplomados en Administraci\u00f3n de Empresas en las Universidades de Talca y Cat\u00f3lica de Chile.<\/p>\r\n<p>En el a\u00f1o 2015 comparti\u00f3 responsabilidades en la creaci\u00f3n de la Fundaci\u00f3n WorldSkills Chile, de la que es su Presidente.<\/p>\r\n<p>Tambi\u00e9n desempe\u00f1\u00f3 funciones p\u00fablicas, en el Ministerio de Agricultura y en el Ministerio del Interior de Chile, y en empresas privadas como Gerente de una empresa frut\u00edcola.<\/p>\r\n<p>&nbsp;<\/p>\r\n<p><img loading=\"lazy\" decoding=\"async\" class=\"alignnone wp-image-326 size-medium\" src=\"http:\/\/wsa.al.senai.br\/wp-content\/uploads\/2021\/01\/maura-242x300.jpg\" sizes=\"(max-width: 242px) 100vw, 242px\" srcset=\"https:\/\/wsa.al.senai.br\/wp-content\/uploads\/2021\/01\/maura-242x300.jpg 242w, https:\/\/wsa.al.senai.br\/wp-content\/uploads\/2021\/01\/maura.jpg 310w\" alt=\"\" width=\"242\" height=\"300\" \/><\/p>\r\n<p><strong>Vicepresidente<\/strong><br \/>Maura Corpor\u00e1n \u2013 Rep\u00fablica Dominicana<\/p>\r\n<p>La Lic. Corpor\u00e1n tiene 34 a\u00f1os de experiencia en el sector de Educaci\u00f3n y Formaci\u00f3n Profesional, de los cuales 29 corresponden a labores en el Instituto Nacional de Formaci\u00f3n T\u00e9cnico Profesional (INFOTEP) de Rep\u00fablica Dominicana. En ese lapso de tiempo ha desempe\u00f1ado ocho (8) puestos, desde el nivel de T\u00e9cnico hasta el Gerencial. Actualmente se desempe\u00f1a como Gerente de Normas y Desarrollo Docente.<\/p>\r\n<p>Dentro de las responsabilidades de la lic. Corporan est\u00e1 la de impulsar proyectos de desarrollo tecnol\u00f3gico y did\u00e1cticos, aplicados a la formaci\u00f3n profesional, en tal sentido desde la instancia que dirige ha sido la responsable de impulsar y establecer el sistema de formaci\u00f3n por competencia, la formaci\u00f3n virtual, marco nacional de cualificaciones en INFOTEP. Dentro de los proyectos m\u00e1s reciente esta la participaci\u00f3n del INFOTEP en eventos tecnol\u00f3gicos internacionales como la WorldSkills Am\u00e9ricas, fungiendo como delegada t\u00e9cnica en las competiciones de los a\u00f1os 2010, 2012, 2014 y 2018 y en WorldSkills Internacional 2013 y 2015. Actualmente es Vicepresidente del comit\u00e9 de educaci\u00f3n y formaci\u00f3n de la WorldSkills Am\u00e9ricas.<\/p>\r\n<p>Es Licenciada en Psicolog\u00eda, con Maestr\u00eda en Administraci\u00f3n P\u00fablica y Ciencias de la Educaci\u00f3n con Especializaci\u00f3n en Curr\u00edculo, Instrucci\u00f3n y Tecnolog\u00eda. Adem\u00e1s ha realizado diferentes cursos nacionales e internacionales sobre Formaci\u00f3n Profesional, Capacitaci\u00f3n y Empleo, Productividad, Gesti\u00f3n de Calidad, Gesti\u00f3n de Proyectos, Aplicaci\u00f3n de las Tecnolog\u00edas de la Informaci\u00f3n y la Comunicaci\u00f3n a la Formaci\u00f3n Profesional y Sistemas de Formaci\u00f3n y Certificaci\u00f3n bajo Competencias Laborales, Marco nacional de cualificaciones, entre otros.<\/p>\r\n<p>&nbsp;<\/p>\r\n<p><img loading=\"lazy\" decoding=\"async\" class=\"alignnone size-medium wp-image-260\" src=\"http:\/\/wsa.al.senai.br\/wp-content\/uploads\/2020\/11\/roy_cr-223x300.jpg\" sizes=\"(max-width: 223px) 100vw, 223px\" srcset=\"https:\/\/wsa.al.senai.br\/wp-content\/uploads\/2020\/11\/roy_cr-223x300.jpg 223w, https:\/\/wsa.al.senai.br\/wp-content\/uploads\/2020\/11\/roy_cr-762x1024.jpg 762w, https:\/\/wsa.al.senai.br\/wp-content\/uploads\/2020\/11\/roy_cr-768x1032.jpg 768w, https:\/\/wsa.al.senai.br\/wp-content\/uploads\/2020\/11\/roy_cr.jpg 1072w\" alt=\"Roy Ram\u00edrez Quesada\" width=\"223\" height=\"300\" \/><br \/><strong>Comit\u00e9 de Desarrollo Estrat\u00e9gico<\/strong><br \/>Roy Ram\u00edrez Quesada \u2013 Costa Rica<\/p>\r\n<p>Tiene 20 a\u00f1os de experiencia en Educaci\u00f3n y Formaci\u00f3n T\u00e9cnico Profesional desempe\u00f1\u00e1ndose en diferentes puestos en el Instituto Nacional de Aprendizaje de Costa Rica (INA), que van desde la docencia, la coordinaci\u00f3n de procesos de trabajo de gesti\u00f3n tecnol\u00f3gica, la direcci\u00f3n de proyectos, hasta el trabajo en la Subgerencia T\u00e9cnica y Presidencia Ejecutiva.<\/p>\r\n<p>Desde el a\u00f1o 2014 ha tenido a cargo la atenci\u00f3n de los temas de cooperaci\u00f3n internacional relacionados con el proceso de adhesi\u00f3n de Costa Rica a la Organizaci\u00f3n para la Cooperaci\u00f3n y el Desarrollo Econ\u00f3micos OCDE como enlace y punto de contacto del INA en el equipo Costa Rica \u201cSkills Beyond School Review of Costa Rica\u201d y como delegado en el Grupo de Expertos en Educaci\u00f3n T\u00e9cnica y Formaci\u00f3n Profesional de la OCDE. (GNEVET), pero este acercamiento tambi\u00e9n lo ha llevado a liderar los procesos WorldSkills y el programa de cooperaci\u00f3n K-Star con HRD Korea.<\/p>\r\n<p>Fue miembro del comit\u00e9 central organizador de las Olimpiadas T\u00e9cnicas INA 2012, 2013, 2015 y co-encargado de los aspectos de dise\u00f1o, log\u00edstica, infraestructura, e instalaciones.<\/p>\r\n<p>Trabaj\u00f3 como Jefe Experto en la prueba de Dibujo Arquitect\u00f3nico en las Olimpiadas T\u00e9cnicas INA 2012 y como int\u00e9rprete en WorldSkills Sao Paulo 2015 y WorldSkills Abu Dhabi 2017<\/p>\r\n<p>A partir de mayo 2018 se convierte en el Delegado T\u00e9cnico de WorldSkills Costa Rica dise\u00f1ando y liderando la nueva estrategia INA-WorldSkills la cual se plantea como un proceso integral de cambio en el enfoque y prop\u00f3sito de la vinculaci\u00f3n de Costa Rica con WorldSkills buscando transformar esta relaci\u00f3n y las oportunidades que de ella se derivan en una estrategia institucional para el mejoramiento de los servicios y el crecimiento t\u00e9cnico del personal bajo est\u00e1ndares internacionales.<\/p>\r\n<p>Arquitecto de profesi\u00f3n, tiene 15 a\u00f1os de experiencia como dise\u00f1ador y consultor privado, sector en el que se mantiene activo.<\/p>\r\n<p>&nbsp;<\/p>\r\n<p><img loading=\"lazy\" decoding=\"async\" class=\"alignnone size-medium wp-image-809\" src=\"https:\/\/wsa.al.senai.br\/wp-content\/uploads\/2025\/03\/Carlos-Hernandez-Peru-Comite-Estrategico-292x300.png\" alt=\"\" width=\"292\" height=\"300\" srcset=\"https:\/\/wsa.al.senai.br\/wp-content\/uploads\/2025\/03\/Carlos-Hernandez-Peru-Comite-Estrategico-292x300.png 292w, https:\/\/wsa.al.senai.br\/wp-content\/uploads\/2025\/03\/Carlos-Hernandez-Peru-Comite-Estrategico.png 419w\" sizes=\"(max-width: 292px) 100vw, 292px\" \/><\/p>\r\n<p><strong>Comit\u00e9 de Desarrollo Estrat\u00e9gico<\/strong><br \/>Carlos\u00a0 Hern\u00e1ndez Mendocilla \u2013 Per\u00fa<\/p>\r\n<p>Economista, con s\u00f3lida experiencia en el dise\u00f1o e implementaci\u00f3n de pol\u00edticas y programas a nivel empresarial, educativo y social. Especializado en gesti\u00f3n de proyectos con financiamiento internacional.<br \/>Amplia trayectoria en el sector educativo, en el fomento del empleo, alianzas estrat\u00e9gicas y la innovaci\u00f3n. Cuenta con maestr\u00edas en Administraci\u00f3n y Direcci\u00f3n de Empresas (UPC, Barcelona, Espa\u00f1a) y otra en Gerencia Social(PUCP, Lima, Peru).<br \/>Desempe\u00f1o el cargo de Viceministro de Promoci\u00f3n del Empleo en Per\u00fa<br \/>Actualmente, lider a la Gerencia de Desarrollo en SENATI.<\/p>\r\n<p>&nbsp;<\/p>\r\n<p><img loading=\"lazy\" decoding=\"async\" class=\"alignnone size-medium wp-image-259\" src=\"http:\/\/wsa.al.senai.br\/wp-content\/uploads\/2020\/11\/yesid-212x300.jpg\" sizes=\"(max-width: 212px) 100vw, 212px\" srcset=\"https:\/\/wsa.al.senai.br\/wp-content\/uploads\/2020\/11\/yesid-212x300.jpg 212w, https:\/\/wsa.al.senai.br\/wp-content\/uploads\/2020\/11\/yesid.jpg 244w\" alt=\"Yesid Rusinque\" width=\"212\" height=\"300\" \/><br \/><strong>Comit\u00e9 T\u00e9cnico y de Competici\u00f3n<\/strong><br \/>Yesid Rusinque \u2013 Colombia<\/p>\r\n<p>En cuanto a mi perfil profesional puedo decir que soy ingeniero de sistemas y cuento con una maestr\u00eda en administraci\u00f3n.<\/p>\r\n<p>Ingres\u00e9 al Servicio Nacional de Aprendizaje (SENA) de Colombia en 1995, inicialmente para trabajar en el desarrollo e implementaci\u00f3n del sistema de informaci\u00f3n de aprendices de la entidad. Posteriormente tuve la maravillosa oportunidad de ser instructor SENA en las \u00e1reas de redes de computadores, desarrollo de software y mantenimiento de equipos de c\u00f3mputo.<\/p>\r\n<p>En el a\u00f1o 2001 pas\u00e9 a la Direcci\u00f3n General, desde donde particip\u00e9 durante 10 a\u00f1os en el desarrollo e implementaci\u00f3n de proyectos innovadores de alto impacto para el SENA como la formaci\u00f3n virtual, las aulas m\u00f3viles e itinerantes, la Red de TecnoParques y la implementaci\u00f3n de herramientas TIC para el fortalecimiento de los procesos de formaci\u00f3n en Colombia.<\/p>\r\n<p>A partir del a\u00f1o 2010 y durante 4 a\u00f1os, fui Coordinador del Grupo de Innovaci\u00f3n Tecnol\u00f3gica para la Formaci\u00f3n Profesional del SENA, al cual se le asign\u00f3 el liderazgo y gesti\u00f3n de la estrategia WorldSkills Colombia en el a\u00f1o 2011, momento desde el cual he venido desempe\u00f1ando el rol de Delegado T\u00e9cnico de Colombia ante WorldSkills Americas y WorldSkills International.<\/p>\r\n<p>Estoy convencido de que las competencias de habilidades son una poderosa herramienta para mejorar la calidad de los procesos de formaci\u00f3n del SENA, al permitir medirnos con pares de otros pa\u00edses, reconocer las mejores pr\u00e1cticas a nivel mundial, identificar las tecnolog\u00edas de punta y visualizar las tendencias globales de los diferentes sectores del conocimiento.<\/p>\r\n<p>Tambi\u00e9n creo que el mayor impacto y beneficio se da por la oportunidad de establecer redes de contactos que permiten crear sinergias y desarrollar trabajo colaborativo entre las diferentes entidades miembro, con lo que se brindan las condiciones para mejorar la calidad de los procesos de formaci\u00f3n, brindando al sector productivo aprendices de alta calidad y pertinencia, para apoyar el crecimiento y competitividad del sector productivo de nuestros pa\u00edses y fortalecer su incorporaci\u00f3n en la din\u00e1mica econ\u00f3mica global.<\/p>\r\n<p>&nbsp;<\/p>\r\n<p><img loading=\"lazy\" decoding=\"async\" class=\"alignnone size-medium wp-image-258\" src=\"http:\/\/wsa.al.senai.br\/wp-content\/uploads\/2020\/11\/dario_walcott_portrait-225x300.jpg\" sizes=\"(max-width: 225px) 100vw, 225px\" srcset=\"https:\/\/wsa.al.senai.br\/wp-content\/uploads\/2020\/11\/dario_walcott_portrait-225x300.jpg 225w, https:\/\/wsa.al.senai.br\/wp-content\/uploads\/2020\/11\/dario_walcott_portrait-768x1024.jpg 768w, https:\/\/wsa.al.senai.br\/wp-content\/uploads\/2020\/11\/dario_walcott_portrait-1152x1536.jpg 1152w, https:\/\/wsa.al.senai.br\/wp-content\/uploads\/2020\/11\/dario_walcott_portrait-1536x2048.jpg 1536w, https:\/\/wsa.al.senai.br\/wp-content\/uploads\/2020\/11\/dario_walcott_portrait-scaled.jpg 1920w\" alt=\"Dario Walcott\" width=\"225\" height=\"300\" \/><\/p>\r\n<p><strong>Comit\u00e9 T\u00e9cnico y de Competici\u00f3n<\/strong><br \/>Dario Walcott \u2013 Barbados<\/p>\r\n<p>Dario Walcott est\u00e1 trabajando en Educaci\u00f3n y Capacitaci\u00f3n desde 2013 cuando se uni\u00f3 al Consejo de TVET (TVETC) Barbados como Oficial T\u00e9cnico. TVETC es la agencia del gobierno que tiene el mandato de planificar, coordinar y establecer est\u00e1ndares y calificaciones para el servicio t\u00e9cnico y vocacional nacional.<\/p>\r\n<p>Sistema de educaci\u00f3n y formaci\u00f3n (EFTP) en Barbados.<\/p>\r\n<p>Sin embargo, la experiencia de Dar\u00edo empieza en la \u00e1rea de Contabilidad, en la que posee una graduaci\u00f3n. Desde que cruz\u00f3 los campos hasta Educaci\u00f3n y Capacitaci\u00f3n, obtuvo un Nivel 4 de Calificaci\u00f3n Vocacional del Caribe (CVQ) en Evaluaci\u00f3n y es un Asesor certificado. Tambi\u00e9n est\u00e1 capacitado como verificador interno y externo. Y complet\u00f3 el desarrollo de un curr\u00edculum (DACUM) y el entrenamiento sistem\u00e1tico del curr\u00edculo y el desarrollo educativo (SCID) con la Universidad Estatal de Ohio, EE. UU., As\u00ed como la Certificaci\u00f3n de Reconocimiento de Aprendizaje Previo (RPL) con Red River College, Canad\u00e1. Actualmente est\u00e1 trabajando para obtener un MBA en Liderazgo e Innovaci\u00f3n con la Universidad Napier de Edimburgo, Escocia.<\/p>\r\n<p>En 2016, se convirti\u00f3 en el Presidente del Comit\u00e9 Organizador Local (LOC) de WorldSkills Barbados (WSB) y ha liderado con \u00e9xito dos competiciones nacionales. Fue nombrado Delegado T\u00e9cnico en 2016 y ha participado en los eventos de WorldSkills International desde entonces. Fue presidente del jurado en 2017 en WorldSkills Abu Dhabi y delegado del Comit\u00e9 de Competiciones en 2019 en WorldSkills Kazan.<\/p>\r\n<p>&nbsp;<\/p>\r\n<p><img loading=\"lazy\" decoding=\"async\" class=\"alignnone size-full wp-image-807\" src=\"https:\/\/wsa.al.senai.br\/wp-content\/uploads\/2025\/03\/Carlos-ruedas-Guatemala-Comite-de-Educacion.jpeg\" alt=\"\" width=\"200\" height=\"200\" srcset=\"https:\/\/wsa.al.senai.br\/wp-content\/uploads\/2025\/03\/Carlos-ruedas-Guatemala-Comite-de-Educacion.jpeg 200w, https:\/\/wsa.al.senai.br\/wp-content\/uploads\/2025\/03\/Carlos-ruedas-Guatemala-Comite-de-Educacion-150x150.jpeg 150w\" sizes=\"(max-width: 200px) 100vw, 200px\" \/><\/p>\r\n<p><strong>Comit\u00e9 de Educaci\u00f3n y Desarrollo Profesional<\/strong><br \/>Carlos Ruedas \u2013 Guatemala<\/p>\r\n<p>Trabajado en el sistema de formaci\u00f3n profesional desde 1994 trabajando como instructor y coordinador del \u00e1rea de inform\u00e1tica, Jefe de Laboratorio de Automatizaci\u00f3n Industrial, Jefe T\u00e9cnico Pedag\u00f3gico, Jefe de Centro de Capacitaci\u00f3n y actualmente Jefe de Divisi\u00f3n Regional del Instituto T\u00e9cnico de Capacitaci\u00f3n y Productividad \u2013 INTECAP, Guatemala, tiene a su cargo cinco centros de formaci\u00f3n en la regi\u00f3n oriente del pa\u00eds. \u00a0Su experiencia incluye 2 Competiciones Internacionales como Experto de la ocupaci\u00f3n de Mecatr\u00f3nica, 1 Competici\u00f3n Internacional como Delegado T\u00e9cnico y 5 Competiciones Nacionales como Coordinador Nacional del Comit\u00e9 WorldSkills Guatemala. En WorldSkills Americas fue elegido en 2023 para actuar como miembro de la Junta Directiva en el comit\u00e9 de Educaci\u00f3n y Desarrollo Profesional. Se gradu\u00f3 en Gerencia de Recursos Humanos, a nivel de maestr\u00eda, Administrador de Empresas a nivel de Licenciatura y Bachiller Industrial y Perito en Mec\u00e1nica General con conocimientos y experiencia en Automatizaci\u00f3n Industrial e Inform\u00e1tica.<\/p>\r\n<p>&nbsp;<\/p>\r\n<p><img loading=\"lazy\" decoding=\"async\" class=\"alignnone size-full wp-image-808\" src=\"https:\/\/wsa.al.senai.br\/wp-content\/uploads\/2025\/03\/Salomon-Ceballos-Mexico-Comite-de-Educacion.jpeg\" alt=\"\" width=\"200\" height=\"200\" srcset=\"https:\/\/wsa.al.senai.br\/wp-content\/uploads\/2025\/03\/Salomon-Ceballos-Mexico-Comite-de-Educacion.jpeg 200w, https:\/\/wsa.al.senai.br\/wp-content\/uploads\/2025\/03\/Salomon-Ceballos-Mexico-Comite-de-Educacion-150x150.jpeg 150w\" sizes=\"(max-width: 200px) 100vw, 200px\" \/><\/p>\r\n<p><strong>Comit\u00e9 de Educaci\u00f3n y Desarrollo Profesional<\/strong><br \/>Salom\u00f3n Ceballo \u2013 M\u00e9xico<\/p>\r\n<p>En WorldSkills M\u00e9xico es el Presidente y Delegado Oficial em WSI y WSAmericas. Es Director del Colegio de Educaci\u00f3n Profesional T\u00e9cnica del Estado de Guanajuato &#8211; Irapuato II. Es titular en la empresa Asrel Asesor\u00eda y Representaci\u00f3n Legal<\/p>\r\n<p>En el Municipio de Salamanca, Gto. fue S\u00edndico del Ayuntamiento, Director General del Programa de Seguridad P\u00fablica y Director de Tr\u00e1nsito, Vialidad y Transporte. Adem\u00e1s de Supervisor y Abogado en la Secretar\u00eda de Hacienda y Cr\u00e9dito P\u00fablico, Supervisor.<\/p>\r\n<p>Su formaci\u00f3n es en Derecho por la Universidad La Salle Baj\u00edo. Maestr\u00eda en Pol\u00edtica y Gesti\u00f3n P\u00fablica por la Universidad Iberoamericana Le\u00f3n. Curso de Gesti\u00f3n de Unidades De Formaci\u00f3n Profesional por Senai S\u00e3o Paulo y curso de Vinculaci\u00f3n empresarial y gubernamental Agencia de Cooperaci\u00f3n Internacional de Jap\u00f3n.<\/p>\r\n<p>&nbsp;<\/p>\r\n<p><img loading=\"lazy\" decoding=\"async\" class=\"alignnone size-full wp-image-255\" src=\"http:\/\/wsa.al.senai.br\/wp-content\/uploads\/2020\/11\/conrado.png\" alt=\"Conrado Reinke\" width=\"175\" height=\"220\" \/><\/p>\r\n<p><strong>Comit\u00e9 de Marketing y Relaciones Institucionales<br \/><\/strong>Conrado Reinke \u2013 Argentina<\/p>\r\n<p>Es actualmente Presidente de WORLDSKILLS ARGENTINA y titular de TRABAJO GLOBAL Consultora de Empleo y Formaci\u00f3n Profesional. En su larga carrera ha sido Subsecretario de Formaci\u00f3n Profesional del Ministerio de Trabajo, Empleo y Seguridad Social de la Naci\u00f3n donde tuvo la responsabilidad de proponer, administrar, supervisar y ejecutar a nivel nacional y en forma coordinada con las autoridades provinciales, las pol\u00edticas, planes, programas y acciones de Formaci\u00f3n Profesional necesarias para cubrir las necesidades de personal de las Organizaciones y Empresas, y desarrollar las competencias necesarias para la integraci\u00f3n y mantenimiento en el mundo del empleo y del trabajo.<\/p>\r\n<p>Es miembro del Consejo de Expertos del Ministerio de Desarrollo Social de la Rep\u00fablica Argentina en materia de Formaci\u00f3n Profesional.<\/p>\r\n<p>Durante el a\u00f1o 2018 fue normalizador del Gremio S.O.E.M.E. el cual en tan solo 365 dias materializ\u00f3 un super\u00e1vit de 240 millones de pesos, el blanqueo de todos sus trabajadores, la puesta en valor de todos sus edificios y antes de cumplir un a\u00f1o de su designaci\u00f3n, en su rol de interventor judicial solicit\u00f3 el llamado a elecciones.<\/p>\r\n<p>Es abogado por la Universidad de Buenos Aires, especialista en Derecho Contencioso y Derecho Laboral, con una mirada estrategia en la resoluci\u00f3n de conflictos colectivos complejos.<\/p>\r\n<p>Es experto en Normas Internacionales del Trabajo, con diploma otorgado por la O.I.T (Cartagena Colombia).<\/p>\r\n<p>Posee una Maestr\u00eda en Derecho del Trabajo y Relaciones Internacionales del Trabajo de la Universidad Tres de Febrero; as\u00ed como una Especializaci\u00f3n en Derecho del Trabajo y Prevenci\u00f3n de Factores de Riesgo otorgada por la OIT (Tur\u00edn, Italia), y una Especializaci\u00f3n para Expertos Latinoamericanos en Relaciones del Trabajo de la Universidad de Castilla-La Mancha (Espa\u00f1a).<\/p>\r\n<p>Asimismo, desde el a\u00f1o 2013 es miembro del Programa SOLVE \/ Formador de la Organizaci\u00f3n Internacional del Trabajo; y en 2014 form\u00f3 parte del curso de Normas Internacionales del Derecho del Trabajo, dictado por OIT.<\/p>\r\n<p>Trabaj\u00f3 en los Estudios Chiodo &amp; Asociados; Zang, Bergel y Vi\u00f1es; Bull\u00f3, Tassi, Estebenet, Lipera y Torassa; y Marval, O\u2019Farrell &amp; Mairal.<\/p>\r\n<p>Desde 2010 fundo y es titular del Estudio Reinke, desde el cual brind\u00f3 asesoramiento contencioso, en pol\u00edticas laborales en el \u00e1mbito del derecho Colectivo e Individual; asesoramiento a empresas y gremios en materia legal y de formaci\u00f3n profesional.<\/p>\r\n<p>&nbsp;<\/p>\r\n<p><img loading=\"lazy\" decoding=\"async\" class=\"alignnone size-medium wp-image-254\" src=\"http:\/\/wsa.al.senai.br\/wp-content\/uploads\/2020\/11\/vinicio_morales-280x300.jpg\" sizes=\"(max-width: 280px) 100vw, 280px\" srcset=\"https:\/\/wsa.al.senai.br\/wp-content\/uploads\/2020\/11\/vinicio_morales-280x300.jpg 280w, https:\/\/wsa.al.senai.br\/wp-content\/uploads\/2020\/11\/vinicio_morales.jpg 495w\" alt=\"Vinicio Morales\" width=\"280\" height=\"300\" \/><br \/><strong>Comit\u00e9 de Marketing y Relaciones Institucionales<\/strong><br \/>Vinicio Morales \u2013 Guatemala (IN MEMORIAN)<\/p>\r\n<p>Ha laborado en Formaci\u00f3n Profesional por 26 a\u00f1os, iniciando con el dise\u00f1o y producci\u00f3n de material educativo escrito, audio, video y modelos did\u00e1cticos. Tuvo a su cargo el Centro de Multimedios y el Dise\u00f1o de Programas Generales en Divisi\u00f3n T\u00e9cnica del INTECAP. Fue el responsable de la Imagen, Publicidad y Comunicaciones do INTECAP durante 8 a\u00f1os y actualmente maneja las Relaciones Internacionales del INTECAP, en Guatemala. En WorldSkills ha sido Delegado Oficial y ha coordinado las competiciones internas da Guatemala. En el campo personal es arquitecto y licenciado en arte, autor, director y docente de arte dram\u00e1tico multipremiado nacionalmente. Desarroll\u00f3 el curriculum de licenciatura de dise\u00f1o gr\u00e1fico en las especialidades de multimedios y editorial en la tricentenaria Universidad de San Carlos de Guatemala. Valoriza profundamente la Gesti\u00f3n del Conocimiento, as\u00ed como los Valores \u00c9ticos, Morales y Profesionales en la Formaci\u00f3n Profesional.<\/p>\r\n<p>&nbsp;<\/p>\r\n<p>&nbsp;<\/p>\r\n<p>&nbsp;<\/p>","protected":false},"excerpt":{"rendered":"<p>PresidenteArsenio Fern\u00e1ndez Calatayud \u2013 Chile Ha desarrollado diversas actividades laborales relacionadas con la Formaci\u00f3n T\u00e9cnica desde el a\u00f1o 1985, desempe\u00f1\u00e1ndose hasta 1997 como Director de sucesivos establecimientos de Educaci\u00f3n Media T\u00e9cnica de la especialidad Agropecuaria, en el Liceo Agr\u00edcola La Patagonia de Coyhaique, la Escuela Agr\u00edcola Superior de Molina y el Instituto Agr\u00edcola Pascual Baburizza. [&hellip;]<\/p>\n","protected":false},"author":7,"featured_media":0,"parent":0,"menu_order":0,"comment_status":"closed","ping_status":"closed","template":"","meta":{"footnotes":""},"class_list":["post-765","page","type-page","status-publish","hentry"],"_links":{"self":[{"href":"https:\/\/wsa.al.senai.br\/es\/wp-json\/wp\/v2\/pages\/765"}],"collection":[{"href":"https:\/\/wsa.al.senai.br\/es\/wp-json\/wp\/v2\/pages"}],"about":[{"href":"https:\/\/wsa.al.senai.br\/es\/wp-json\/wp\/v2\/types\/page"}],"author":[{"embeddable":true,"href":"https:\/\/wsa.al.senai.br\/es\/wp-json\/wp\/v2\/users\/7"}],"replies":[{"embeddable":true,"href":"https:\/\/wsa.al.senai.br\/es\/wp-json\/wp\/v2\/comments?post=765"}],"version-history":[{"count":19,"href":"https:\/\/wsa.al.senai.br\/es\/wp-json\/wp\/v2\/pages\/765\/revisions"}],"predecessor-version":[{"id":771,"href":"https:\/\/wsa.al.senai.br\/es\/wp-json\/wp\/v2\/pages\/765\/revisions\/771"}],"wp:attachment":[{"href":"https:\/\/wsa.al.senai.br\/es\/wp-json\/wp\/v2\/media?parent=765"}],"curies":[{"name":"wp","href":"https:\/\/api.w.org\/{rel}","templated":true}]}}