{"id":32,"date":"2024-07-19T10:40:01","date_gmt":"2024-07-19T13:40:01","guid":{"rendered":"https:\/\/wsa.al.senai.br\/?page_id=32"},"modified":"2024-07-24T13:18:28","modified_gmt":"2024-07-24T16:18:28","slug":"como-fazer-parte-da-wsa","status":"publish","type":"page","link":"https:\/\/wsa.al.senai.br\/es\/como-fazer-parte-da-wsa\/","title":{"rendered":"Como unirse a la WSA"},"content":{"rendered":"<h2 class=\"wp-block-heading\" style=\"text-align: center;\">\u2013 Como ser un Competidor \u2013<\/h2>\r\n<h3 style=\"text-align: center;\"><a href=\"http:\/\/wsa.al.senai.br\/es\/como-ser-um-competidor\/\">Click aqu\u00ed<\/a>\u00a0para saber m\u00e1s acerca de como competir por su pa\u00eds u organizaci\u00f3n en WorldSkills Americas.<\/h3>\r\n<p style=\"text-align: center;\">\u00a0<\/p>\r\n<h2 style=\"text-align: center;\">\u2013 Como ser un Patrocinador \u2013<\/h2>\r\n<h3 style=\"text-align: center;\"><a href=\"http:\/\/wsa.al.senai.br\/es\/como-ser-um-patrocinador\/\">Click aqu\u00ed<\/a>\u00a0para saber m\u00e1s acerca de como participar en WorldSkills Americas.<\/h3>\r\n<p style=\"text-align: center;\">\u00a0<\/p>\r\n<h2 style=\"text-align: center;\">\u2013 Como ser una Organizaci\u00f3n Miembro \u2013<\/h2>\r\n<h3 style=\"text-align: center;\"><a href=\"http:\/\/wsa.al.senai.br\/es\/como-ser-uma-organizacao-membro\/\">Click aqu\u00ed<\/a>\u00a0para saber m\u00e1s acerca de como su pa\u00eds u organizaci\u00f3n puede tornarse un Membro de WorldSkills Americas.<\/h3>\r\n<h6>P\u00e1gina en desarrollo<\/h6>","protected":false},"excerpt":{"rendered":"<p>\u2013 Como ser un Competidor \u2013 Click aqu\u00ed\u00a0para saber m\u00e1s acerca de como competir por su pa\u00eds u organizaci\u00f3n en WorldSkills Americas. \u00a0 \u2013 Como ser un Patrocinador \u2013 Click aqu\u00ed\u00a0para saber m\u00e1s acerca de como participar en WorldSkills Americas. \u00a0 \u2013 Como ser una Organizaci\u00f3n Miembro \u2013 Click aqu\u00ed\u00a0para saber m\u00e1s acerca de como [&hellip;]<\/p>\n","protected":false},"author":1,"featured_media":0,"parent":0,"menu_order":0,"comment_status":"closed","ping_status":"closed","template":"","meta":{"footnotes":""},"class_list":["post-32","page","type-page","status-publish","hentry"],"_links":{"self":[{"href":"https:\/\/wsa.al.senai.br\/es\/wp-json\/wp\/v2\/pages\/32"}],"collection":[{"href":"https:\/\/wsa.al.senai.br\/es\/wp-json\/wp\/v2\/pages"}],"about":[{"href":"https:\/\/wsa.al.senai.br\/es\/wp-json\/wp\/v2\/types\/page"}],"author":[{"embeddable":true,"href":"https:\/\/wsa.al.senai.br\/es\/wp-json\/wp\/v2\/users\/1"}],"replies":[{"embeddable":true,"href":"https:\/\/wsa.al.senai.br\/es\/wp-json\/wp\/v2\/comments?post=32"}],"version-history":[{"count":4,"href":"https:\/\/wsa.al.senai.br\/es\/wp-json\/wp\/v2\/pages\/32\/revisions"}],"predecessor-version":[{"id":262,"href":"https:\/\/wsa.al.senai.br\/es\/wp-json\/wp\/v2\/pages\/32\/revisions\/262"}],"wp:attachment":[{"href":"https:\/\/wsa.al.senai.br\/es\/wp-json\/wp\/v2\/media?parent=32"}],"curies":[{"name":"wp","href":"https:\/\/api.w.org\/{rel}","templated":true}]}}