{"id":11,"date":"2024-07-19T10:26:40","date_gmt":"2024-07-19T13:26:40","guid":{"rendered":"https:\/\/wsa.al.senai.br\/?page_id=11"},"modified":"2024-07-24T10:58:36","modified_gmt":"2024-07-24T13:58:36","slug":"categorias-das-ocupacoes","status":"publish","type":"page","link":"https:\/\/wsa.al.senai.br\/es\/categorias-das-ocupacoes\/","title":{"rendered":"Categor\u00edas de competencias"},"content":{"rendered":"<p>Una promoci\u00f3n espectacular de profesiones para j\u00f3venes, mostrando e inspirando excelencia en habilidades de clase mundial.<\/p>","protected":false},"excerpt":{"rendered":"<p>Una promoci\u00f3n espectacular de profesiones para j\u00f3venes, mostrando e inspirando excelencia en habilidades de clase mundial.<\/p>\n","protected":false},"author":1,"featured_media":39,"parent":0,"menu_order":0,"comment_status":"closed","ping_status":"closed","template":"","meta":{"footnotes":""},"class_list":["post-11","page","type-page","status-publish","has-post-thumbnail","hentry"],"_links":{"self":[{"href":"https:\/\/wsa.al.senai.br\/es\/wp-json\/wp\/v2\/pages\/11"}],"collection":[{"href":"https:\/\/wsa.al.senai.br\/es\/wp-json\/wp\/v2\/pages"}],"about":[{"href":"https:\/\/wsa.al.senai.br\/es\/wp-json\/wp\/v2\/types\/page"}],"author":[{"embeddable":true,"href":"https:\/\/wsa.al.senai.br\/es\/wp-json\/wp\/v2\/users\/1"}],"replies":[{"embeddable":true,"href":"https:\/\/wsa.al.senai.br\/es\/wp-json\/wp\/v2\/comments?post=11"}],"version-history":[{"count":21,"href":"https:\/\/wsa.al.senai.br\/es\/wp-json\/wp\/v2\/pages\/11\/revisions"}],"predecessor-version":[{"id":201,"href":"https:\/\/wsa.al.senai.br\/es\/wp-json\/wp\/v2\/pages\/11\/revisions\/201"}],"wp:featuredmedia":[{"embeddable":true,"href":"https:\/\/wsa.al.senai.br\/es\/wp-json\/wp\/v2\/media\/39"}],"wp:attachment":[{"href":"https:\/\/wsa.al.senai.br\/es\/wp-json\/wp\/v2\/media?parent=11"}],"curies":[{"name":"wp","href":"https:\/\/api.w.org\/{rel}","templated":true}]}}