{"id":166,"date":"2024-07-24T10:00:08","date_gmt":"2024-07-24T13:00:08","guid":{"rendered":"https:\/\/wsa.al.senai.br\/?page_id=166"},"modified":"2024-07-24T14:13:09","modified_gmt":"2024-07-24T17:13:09","slug":"videos","status":"publish","type":"page","link":"https:\/\/wsa.al.senai.br\/en\/videos\/","title":{"rendered":"Videos"},"content":{"rendered":"\r\n<p>&nbsp;<\/p>\r\n<hr \/>\r\n<h1 class=\"wp-block-heading\">Depoimento do competidor de Barbados \u2013 Terrique Ward<\/h1>\r\n<p>Assista depoimento de Terrique Ward, competidor de Pintura de Automotiva de Barbados.<br \/>Ele nos conta como a competi\u00e7\u00e3o e a WSA influenciaram sua carreira profissional e seus planos de futuro.<\/p>\r\n<p><iframe loading=\"lazy\" title=\"YouTube video player\" src=\"https:\/\/www.youtube.com\/embed\/5fuVTBxNGbM\" width=\"560\" height=\"315\" frameborder=\"0\" allowfullscreen=\"allowfullscreen\" data-mce-fragment=\"1\"><\/iframe><\/p>\r\n<hr \/>\r\n<h1>Depoimento da competidora de Barbados \u2013 Shae White<\/h1>\r\n<p>Veja no v\u00eddeo o depoimento de Shae White, competidora de Cozinha de Barbados.<br \/>Ela nos conta como a competi\u00e7\u00e3o e a WSA influenciaram sua carreira profissional e sua vida ap\u00f3s a experi\u00eancia.<\/p>\r\n<p><iframe loading=\"lazy\" title=\"YouTube video player\" src=\"https:\/\/www.youtube.com\/embed\/w75v3P4M8kU\" width=\"560\" height=\"315\" frameborder=\"0\" allowfullscreen=\"allowfullscreen\" data-mce-fragment=\"1\"><\/iframe><\/p>\r\n","protected":false},"excerpt":{"rendered":"<p>&nbsp; Depoimento do competidor de Barbados \u2013 Terrique Ward Assista depoimento de Terrique Ward, competidor de Pintura de Automotiva de Barbados.Ele nos conta como a competi\u00e7\u00e3o e a WSA influenciaram sua carreira profissional e seus planos de futuro. Depoimento da competidora de Barbados \u2013 Shae White Veja no v\u00eddeo o depoimento de Shae White, competidora [&hellip;]<\/p>\n","protected":false},"author":1,"featured_media":0,"parent":0,"menu_order":0,"comment_status":"closed","ping_status":"closed","template":"","meta":{"footnotes":""},"class_list":["post-166","page","type-page","status-publish","hentry"],"_links":{"self":[{"href":"https:\/\/wsa.al.senai.br\/en\/wp-json\/wp\/v2\/pages\/166"}],"collection":[{"href":"https:\/\/wsa.al.senai.br\/en\/wp-json\/wp\/v2\/pages"}],"about":[{"href":"https:\/\/wsa.al.senai.br\/en\/wp-json\/wp\/v2\/types\/page"}],"author":[{"embeddable":true,"href":"https:\/\/wsa.al.senai.br\/en\/wp-json\/wp\/v2\/users\/1"}],"replies":[{"embeddable":true,"href":"https:\/\/wsa.al.senai.br\/en\/wp-json\/wp\/v2\/comments?post=166"}],"version-history":[{"count":7,"href":"https:\/\/wsa.al.senai.br\/en\/wp-json\/wp\/v2\/pages\/166\/revisions"}],"predecessor-version":[{"id":290,"href":"https:\/\/wsa.al.senai.br\/en\/wp-json\/wp\/v2\/pages\/166\/revisions\/290"}],"wp:attachment":[{"href":"https:\/\/wsa.al.senai.br\/en\/wp-json\/wp\/v2\/media?parent=166"}],"curies":[{"name":"wp","href":"https:\/\/api.w.org\/{rel}","templated":true}]}}